{"id":11384,"date":"2024-12-20T09:37:44","date_gmt":"2024-12-20T09:37:44","guid":{"rendered":"https:\/\/www.ora.com.tr\/?page_id=11384"},"modified":"2025-01-23T12:29:41","modified_gmt":"2025-01-23T12:29:41","slug":"oteller","status":"publish","type":"page","link":"https:\/\/www.ora.com.tr\/index.php\/oteller\/","title":{"rendered":"OTELLER"},"content":{"rendered":"\t\t<div data-elementor-type=\"wp-page\" data-elementor-id=\"11384\" class=\"elementor elementor-11384\">\n\t\t\t\t<div class=\"elementor-element elementor-element-64c3ac1 e-flex e-con-boxed rt-default-class e-con e-parent\" data-id=\"64c3ac1\" data-element_type=\"container\">\n\t\t\t\t\t<div class=\"e-con-inner\">\n\t\t\t\t<div class=\"elementor-element elementor-element-30cc398 rt-default-class elementor-widget elementor-widget-text-editor\" data-id=\"30cc398\" data-element_type=\"widget\" data-widget_type=\"text-editor.default\">\n\t\t\t\t<div class=\"elementor-widget-container\">\n\t\t\t\t\t\t\t<h4><strong>OTELLER<\/strong><\/h4>\n<p><strong>Ora \u0130stanbul ayn\u0131 zamanda biri be\u015f di\u011feri d\u00f6rt y\u0131ld\u0131zl\u0131 iki oteli b\u00fcnyesinde bulundurmaktad\u0131r. Be\u015f y\u0131ld\u0131zl\u0131 otelin, tam donan\u0131ml\u0131 ferah ve konforlu odalar\u0131yla&nbsp; olup 2025\u2019in ikinci yar\u0131s\u0131nda hizmete ge\u00e7ecek . business oteli olma \u00f6zelli\u011fine sahip olan Fezz Inn&nbsp; ise hizmet vermeye ba\u015flam\u0131\u015ft\u0131r. Oteller de proje i\u00e7indeki di\u011fer \u00fcnitelerle birlikte, Ora \u0130stanbul\u2019un, \u015fehrin en b\u00fcy\u00fck eksikliklerinden biri olan geni\u015f \u00f6l\u00e7ekli bir K\u00fclt\u00fcr ve Kongre Merkezi\u2019ne d\u00f6n\u00fc\u015fmesine katk\u0131da bulunmaktad\u0131r.<\/strong><\/p>\t\t\t\t\t\t<\/div>\n\t\t\t\t<\/div>\n\t\t\t\t\t<\/div>\n\t\t\t\t<\/div>\n\t\t\t\t<\/div>\n\t\t","protected":false},"excerpt":{"rendered":"<p>OTELLER Ora \u0130stanbul ayn\u0131 zamanda biri be\u015f di\u011feri d\u00f6rt y\u0131ld\u0131zl\u0131 iki oteli b\u00fcnyesinde bulundurmaktad\u0131r. Be\u015f y\u0131ld\u0131zl\u0131 otelin, tam donan\u0131ml\u0131 ferah ve konforlu odalar\u0131yla&nbsp; olup 2025\u2019in ikinci yar\u0131s\u0131nda hizmete ge\u00e7ecek . business oteli olma \u00f6zelli\u011fine sahip olan Fezz Inn&nbsp; ise hizmet vermeye ba\u015flam\u0131\u015ft\u0131r. Oteller de proje i\u00e7indeki di\u011fer \u00fcnitelerle birlikte, Ora \u0130stanbul\u2019un, \u015fehrin en b\u00fcy\u00fck eksikliklerinden&#8230;<\/p>\n","protected":false},"author":1,"featured_media":0,"parent":0,"menu_order":0,"comment_status":"closed","ping_status":"closed","template":"","meta":{"footnotes":""},"class_list":["post-11384","page","type-page","status-publish","hentry"],"yoast_head":"<!-- This site is optimized with the Yoast SEO plugin v24.0 - https:\/\/yoast.com\/wordpress\/plugins\/seo\/ -->\n<title>OTELLER - Ora<\/title>\n<meta name=\"robots\" content=\"index, follow, max-snippet:-1, max-image-preview:large, max-video-preview:-1\" \/>\n<link rel=\"canonical\" href=\"https:\/\/www.ora.com.tr\/index.php\/oteller\/\" \/>\n<meta property=\"og:locale\" content=\"tr_TR\" \/>\n<meta property=\"og:type\" content=\"article\" \/>\n<meta property=\"og:title\" content=\"OTELLER - Ora\" \/>\n<meta property=\"og:description\" content=\"OTELLER Ora \u0130stanbul ayn\u0131 zamanda biri be\u015f di\u011feri d\u00f6rt y\u0131ld\u0131zl\u0131 iki oteli b\u00fcnyesinde bulundurmaktad\u0131r. Be\u015f y\u0131ld\u0131zl\u0131 otelin, tam donan\u0131ml\u0131 ferah ve konforlu odalar\u0131yla&nbsp; olup 2025\u2019in ikinci yar\u0131s\u0131nda hizmete ge\u00e7ecek . business oteli olma \u00f6zelli\u011fine sahip olan Fezz Inn&nbsp; ise hizmet vermeye ba\u015flam\u0131\u015ft\u0131r. Oteller de proje i\u00e7indeki di\u011fer \u00fcnitelerle birlikte, Ora \u0130stanbul\u2019un, \u015fehrin en b\u00fcy\u00fck eksikliklerinden...\" \/>\n<meta property=\"og:url\" content=\"https:\/\/www.ora.com.tr\/index.php\/oteller\/\" \/>\n<meta property=\"og:site_name\" content=\"Ora\" \/>\n<meta property=\"article:modified_time\" content=\"2025-01-23T12:29:41+00:00\" \/>\n<meta name=\"twitter:card\" content=\"summary_large_image\" \/>\n<meta name=\"twitter:label1\" content=\"Tahmini okuma s\u00fcresi\" \/>\n\t<meta name=\"twitter:data1\" content=\"1 dakika\" \/>\n<script type=\"application\/ld+json\" class=\"yoast-schema-graph\">{\"@context\":\"https:\/\/schema.org\",\"@graph\":[{\"@type\":\"WebPage\",\"@id\":\"https:\/\/www.ora.com.tr\/index.php\/oteller\/\",\"url\":\"https:\/\/www.ora.com.tr\/index.php\/oteller\/\",\"name\":\"OTELLER - Ora\",\"isPartOf\":{\"@id\":\"https:\/\/www.ora.com.tr\/#website\"},\"datePublished\":\"2024-12-20T09:37:44+00:00\",\"dateModified\":\"2025-01-23T12:29:41+00:00\",\"breadcrumb\":{\"@id\":\"https:\/\/www.ora.com.tr\/index.php\/oteller\/#breadcrumb\"},\"inLanguage\":\"tr\",\"potentialAction\":[{\"@type\":\"ReadAction\",\"target\":[\"https:\/\/www.ora.com.tr\/index.php\/oteller\/\"]}]},{\"@type\":\"BreadcrumbList\",\"@id\":\"https:\/\/www.ora.com.tr\/index.php\/oteller\/#breadcrumb\",\"itemListElement\":[{\"@type\":\"ListItem\",\"position\":1,\"name\":\"Anasayfa\",\"item\":\"https:\/\/www.ora.com.tr\/\"},{\"@type\":\"ListItem\",\"position\":2,\"name\":\"OTELLER\"}]},{\"@type\":\"WebSite\",\"@id\":\"https:\/\/www.ora.com.tr\/#website\",\"url\":\"https:\/\/www.ora.com.tr\/\",\"name\":\"Ora A.\u015e.\",\"description\":\"Bir \u015eehir Efsanesi\",\"publisher\":{\"@id\":\"https:\/\/www.ora.com.tr\/#organization\"},\"potentialAction\":[{\"@type\":\"SearchAction\",\"target\":{\"@type\":\"EntryPoint\",\"urlTemplate\":\"https:\/\/www.ora.com.tr\/?s={search_term_string}\"},\"query-input\":{\"@type\":\"PropertyValueSpecification\",\"valueRequired\":true,\"valueName\":\"search_term_string\"}}],\"inLanguage\":\"tr\"},{\"@type\":\"Organization\",\"@id\":\"https:\/\/www.ora.com.tr\/#organization\",\"name\":\"Ora \u0130stanbul Gayrimenkul ve Yat\u0131r\u0131m\",\"url\":\"https:\/\/www.ora.com.tr\/\",\"logo\":{\"@type\":\"ImageObject\",\"inLanguage\":\"tr\",\"@id\":\"https:\/\/www.ora.com.tr\/#\/schema\/logo\/image\/\",\"url\":\"https:\/\/www.ora.com.tr\/wp-content\/uploads\/2023\/04\/logo.png\",\"contentUrl\":\"https:\/\/www.ora.com.tr\/wp-content\/uploads\/2023\/04\/logo.png\",\"width\":200,\"height\":200,\"caption\":\"Ora \u0130stanbul Gayrimenkul ve Yat\u0131r\u0131m\"},\"image\":{\"@id\":\"https:\/\/www.ora.com.tr\/#\/schema\/logo\/image\/\"}}]}<\/script>\n<!-- \/ Yoast SEO plugin. -->","yoast_head_json":{"title":"OTELLER - Ora","robots":{"index":"index","follow":"follow","max-snippet":"max-snippet:-1","max-image-preview":"max-image-preview:large","max-video-preview":"max-video-preview:-1"},"canonical":"https:\/\/www.ora.com.tr\/index.php\/oteller\/","og_locale":"tr_TR","og_type":"article","og_title":"OTELLER - Ora","og_description":"OTELLER Ora \u0130stanbul ayn\u0131 zamanda biri be\u015f di\u011feri d\u00f6rt y\u0131ld\u0131zl\u0131 iki oteli b\u00fcnyesinde bulundurmaktad\u0131r. Be\u015f y\u0131ld\u0131zl\u0131 otelin, tam donan\u0131ml\u0131 ferah ve konforlu odalar\u0131yla&nbsp; olup 2025\u2019in ikinci yar\u0131s\u0131nda hizmete ge\u00e7ecek . business oteli olma \u00f6zelli\u011fine sahip olan Fezz Inn&nbsp; ise hizmet vermeye ba\u015flam\u0131\u015ft\u0131r. Oteller de proje i\u00e7indeki di\u011fer \u00fcnitelerle birlikte, Ora \u0130stanbul\u2019un, \u015fehrin en b\u00fcy\u00fck eksikliklerinden...","og_url":"https:\/\/www.ora.com.tr\/index.php\/oteller\/","og_site_name":"Ora","article_modified_time":"2025-01-23T12:29:41+00:00","twitter_card":"summary_large_image","twitter_misc":{"Tahmini okuma s\u00fcresi":"1 dakika"},"schema":{"@context":"https:\/\/schema.org","@graph":[{"@type":"WebPage","@id":"https:\/\/www.ora.com.tr\/index.php\/oteller\/","url":"https:\/\/www.ora.com.tr\/index.php\/oteller\/","name":"OTELLER - Ora","isPartOf":{"@id":"https:\/\/www.ora.com.tr\/#website"},"datePublished":"2024-12-20T09:37:44+00:00","dateModified":"2025-01-23T12:29:41+00:00","breadcrumb":{"@id":"https:\/\/www.ora.com.tr\/index.php\/oteller\/#breadcrumb"},"inLanguage":"tr","potentialAction":[{"@type":"ReadAction","target":["https:\/\/www.ora.com.tr\/index.php\/oteller\/"]}]},{"@type":"BreadcrumbList","@id":"https:\/\/www.ora.com.tr\/index.php\/oteller\/#breadcrumb","itemListElement":[{"@type":"ListItem","position":1,"name":"Anasayfa","item":"https:\/\/www.ora.com.tr\/"},{"@type":"ListItem","position":2,"name":"OTELLER"}]},{"@type":"WebSite","@id":"https:\/\/www.ora.com.tr\/#website","url":"https:\/\/www.ora.com.tr\/","name":"Ora A.\u015e.","description":"Bir \u015eehir Efsanesi","publisher":{"@id":"https:\/\/www.ora.com.tr\/#organization"},"potentialAction":[{"@type":"SearchAction","target":{"@type":"EntryPoint","urlTemplate":"https:\/\/www.ora.com.tr\/?s={search_term_string}"},"query-input":{"@type":"PropertyValueSpecification","valueRequired":true,"valueName":"search_term_string"}}],"inLanguage":"tr"},{"@type":"Organization","@id":"https:\/\/www.ora.com.tr\/#organization","name":"Ora \u0130stanbul Gayrimenkul ve Yat\u0131r\u0131m","url":"https:\/\/www.ora.com.tr\/","logo":{"@type":"ImageObject","inLanguage":"tr","@id":"https:\/\/www.ora.com.tr\/#\/schema\/logo\/image\/","url":"https:\/\/www.ora.com.tr\/wp-content\/uploads\/2023\/04\/logo.png","contentUrl":"https:\/\/www.ora.com.tr\/wp-content\/uploads\/2023\/04\/logo.png","width":200,"height":200,"caption":"Ora \u0130stanbul Gayrimenkul ve Yat\u0131r\u0131m"},"image":{"@id":"https:\/\/www.ora.com.tr\/#\/schema\/logo\/image\/"}}]}},"amp_enabled":true,"_links":{"self":[{"href":"https:\/\/www.ora.com.tr\/index.php\/wp-json\/wp\/v2\/pages\/11384"}],"collection":[{"href":"https:\/\/www.ora.com.tr\/index.php\/wp-json\/wp\/v2\/pages"}],"about":[{"href":"https:\/\/www.ora.com.tr\/index.php\/wp-json\/wp\/v2\/types\/page"}],"author":[{"embeddable":true,"href":"https:\/\/www.ora.com.tr\/index.php\/wp-json\/wp\/v2\/users\/1"}],"replies":[{"embeddable":true,"href":"https:\/\/www.ora.com.tr\/index.php\/wp-json\/wp\/v2\/comments?post=11384"}],"version-history":[{"count":7,"href":"https:\/\/www.ora.com.tr\/index.php\/wp-json\/wp\/v2\/pages\/11384\/revisions"}],"predecessor-version":[{"id":11563,"href":"https:\/\/www.ora.com.tr\/index.php\/wp-json\/wp\/v2\/pages\/11384\/revisions\/11563"}],"wp:attachment":[{"href":"https:\/\/www.ora.com.tr\/index.php\/wp-json\/wp\/v2\/media?parent=11384"}],"curies":[{"name":"wp","href":"https:\/\/api.w.org\/{rel}","templated":true}]}}